{"id":906,"date":"2020-12-02T15:57:54","date_gmt":"2020-12-02T15:57:54","guid":{"rendered":"https:\/\/contenidorsbou.com\/clients\/"},"modified":"2021-01-04T09:58:36","modified_gmt":"2021-01-04T09:58:36","slug":"clientes","status":"publish","type":"page","link":"https:\/\/contenidorsbou.com\/es\/clientes\/","title":{"rendered":"CLIENTES"},"content":{"rendered":"<p>[et_pb_section fb_built=\u00bb1&#8243; _builder_version=\u00bb4.7.4&#8243; _module_preset=\u00bbdefault\u00bb custom_padding=\u00bb3%|0px|0px|0px|false|false\u00bb][et_pb_row _builder_version=\u00bb4.7.4&#8243; _module_preset=\u00bbdefault\u00bb][et_pb_column type=\u00bb4_4&#8243; _builder_version=\u00bb4.7.4&#8243; _module_preset=\u00bbdefault\u00bb][et_pb_text _builder_version=\u00bb4.7.7&#8243; _module_preset=\u00bbdefault\u00bb]<\/p>\n<h1>ALGUNOS DE NUESTROS CLIENTES<\/h1>\n<p>[\/et_pb_text][\/et_pb_column][\/et_pb_row][\/et_pb_section][et_pb_section fb_built=\u00bb1&#8243; _builder_version=\u00bb4.7.4&#8243; _module_preset=\u00bbdefault\u00bb background_color=\u00bbrgba(0,0,0,0.07)\u00bb width=\u00bb100%\u00bb max_width=\u00bb100%\u00bb custom_padding=\u00bb0px|0px|0px|0px|false|false\u00bb][et_pb_row column_structure=\u00bb1_3,1_3,1_3&#8243; use_custom_gutter=\u00bbon\u00bb gutter_width=\u00bb4&#8243; make_equal=\u00bbon\u00bb _builder_version=\u00bb4.7.4&#8243; _module_preset=\u00bbdefault\u00bb width=\u00bb70%\u00bb][et_pb_column type=\u00bb1_3&#8243; module_class=\u00bbds-vertical-align\u00bb _builder_version=\u00bb4.7.4&#8243; _module_preset=\u00bbdefault\u00bb][et_pb_image src=\u00bbhttps:\/\/contenidorsbou.com\/wp-content\/uploads\/2020\/12\/contenidors-bou-casa-tarradellas.png\u00bb alt=\u00bbLogo Casa Tarradellas\u00bb title_text=\u00bbcontenidors-bou-casa-tarradellas\u00bb align=\u00bbcenter\u00bb _builder_version=\u00bb4.7.4&#8243; _module_preset=\u00bbdefault\u00bb width=\u00bb65%\u00bb][\/et_pb_image][\/et_pb_column][et_pb_column type=\u00bb1_3&#8243; module_class=\u00bbds-vertical-align\u00bb _builder_version=\u00bb4.7.4&#8243; _module_preset=\u00bbdefault\u00bb][et_pb_image src=\u00bbhttps:\/\/contenidorsbou.com\/wp-content\/uploads\/2020\/12\/contenidors-bou-aigues-barcelona.png\u00bb alt=\u00bbLogo Aig\u00fces de Barcelona\u00bb title_text=\u00bbcontenidors-bou-aigues-barcelona\u00bb align=\u00bbcenter\u00bb _builder_version=\u00bb4.7.4&#8243; _module_preset=\u00bbdefault\u00bb width=\u00bb71%\u00bb][\/et_pb_image][\/et_pb_column][et_pb_column type=\u00bb1_3&#8243; module_class=\u00bbds-vertical-align\u00bb _builder_version=\u00bb4.7.4&#8243; _module_preset=\u00bbdefault\u00bb][et_pb_image src=\u00bbhttps:\/\/contenidorsbou.com\/wp-content\/uploads\/2020\/12\/contenidors-bou-isidre-sayos.png\u00bb alt=\u00bbLogo Isidre Sayos\u00bb title_text=\u00bbcontenidors-bou-isidre-sayos\u00bb align=\u00bbcenter\u00bb _builder_version=\u00bb4.7.4&#8243; _module_preset=\u00bbdefault\u00bb width=\u00bb70%\u00bb][\/et_pb_image][\/et_pb_column][\/et_pb_row][et_pb_row column_structure=\u00bb1_3,1_3,1_3&#8243; use_custom_gutter=\u00bbon\u00bb gutter_width=\u00bb4&#8243; make_equal=\u00bbon\u00bb _builder_version=\u00bb4.7.4&#8243; _module_preset=\u00bbdefault\u00bb width=\u00bb70%\u00bb][et_pb_column type=\u00bb1_3&#8243; module_class=\u00bbds-vertical-align\u00bb _builder_version=\u00bb4.7.4&#8243; _module_preset=\u00bbdefault\u00bb][et_pb_image src=\u00bbhttps:\/\/contenidorsbou.com\/wp-content\/uploads\/2020\/12\/contenidors-bou-construccions-ferrer.png\u00bb alt=\u00bbLogo Construcciones Ferrer\u00bb title_text=\u00bbcontenidors-bou-construccions-ferrer\u00bb align=\u00bbcenter\u00bb _builder_version=\u00bb4.7.4&#8243; _module_preset=\u00bbdefault\u00bb width=\u00bb80%\u00bb custom_margin_tablet=\u00bb\u00bb custom_margin_phone=\u00bb-60px||||false|false\u00bb custom_margin_last_edited=\u00bbon|phone\u00bb][\/et_pb_image][\/et_pb_column][et_pb_column type=\u00bb1_3&#8243; module_class=\u00bbds-vertical-align\u00bb _builder_version=\u00bb4.7.4&#8243; _module_preset=\u00bbdefault\u00bb][et_pb_image src=\u00bbhttps:\/\/contenidorsbou.com\/wp-content\/uploads\/2020\/12\/contenidors-bou-bia.png\u00bb alt=\u00bbLogo Bio, gesti\u00f3n sostenible de residuos, visitar\u00bb title_text=\u00bbcontenidors-bou-bia-over\u00bb url=\u00bbhttps:\/\/www.biamediambiental.com\/\u00bb url_new_window=\u00bbon\u00bb align=\u00bbcenter\u00bb _builder_version=\u00bb4.7.4&#8243; _module_preset=\u00bbdefault\u00bb width=\u00bb71%\u00bb custom_margin_tablet=\u00bb\u00bb custom_margin_phone=\u00bb-22px||||false|false\u00bb custom_margin_last_edited=\u00bbon|phone\u00bb custom_padding_tablet=\u00bb\u00bb custom_padding_phone=\u00bb\u00bb custom_padding_last_edited=\u00bbon|phone\u00bb src__hover_enabled=\u00bbon|hover\u00bb src__hover=\u00bbhttps:\/\/contenidorsbou.com\/wp-content\/uploads\/2020\/12\/contenidors-bou-bia-over.png\u00bb width__hover_enabled=\u00bbon|hover\u00bb width__hover=\u00bb78%\u00bb][\/et_pb_image][\/et_pb_column][et_pb_column type=\u00bb1_3&#8243; module_class=\u00bbds-vertical-align\u00bb _builder_version=\u00bb4.7.4&#8243; _module_preset=\u00bbdefault\u00bb][et_pb_image src=\u00bbhttps:\/\/contenidorsbou.com\/wp-content\/uploads\/2020\/12\/contenidors-bou-corretja.png\u00bb alt=\u00bbLogo corretja\u00bb title_text=\u00bbcontenidors-bou-corretja\u00bb align=\u00bbcenter\u00bb _builder_version=\u00bb4.7.4&#8243; _module_preset=\u00bbdefault\u00bb width=\u00bb70%\u00bb][\/et_pb_image][\/et_pb_column][\/et_pb_row][et_pb_row column_structure=\u00bb1_3,1_3,1_3&#8243; use_custom_gutter=\u00bbon\u00bb gutter_width=\u00bb4&#8243; make_equal=\u00bbon\u00bb _builder_version=\u00bb4.7.4&#8243; _module_preset=\u00bbdefault\u00bb width=\u00bb70%\u00bb][et_pb_column type=\u00bb1_3&#8243; module_class=\u00bbds-vertical-align\u00bb _builder_version=\u00bb4.7.4&#8243; _module_preset=\u00bbdefault\u00bb][et_pb_image src=\u00bbhttps:\/\/contenidorsbou.com\/wp-content\/uploads\/2020\/12\/contenidors-bou-grup-vinas.png\u00bb alt=\u00bbLogo Grupo Vi\u00f1as\u00bb title_text=\u00bbcontenidors-bou-grup-vinas\u00bb align=\u00bbcenter\u00bb _builder_version=\u00bb4.7.4&#8243; _module_preset=\u00bbdefault\u00bb width=\u00bb70%\u00bb][\/et_pb_image][\/et_pb_column][et_pb_column type=\u00bb1_3&#8243; module_class=\u00bbds-vertical-align\u00bb _builder_version=\u00bb4.7.4&#8243; _module_preset=\u00bbdefault\u00bb][et_pb_image src=\u00bbhttps:\/\/contenidorsbou.com\/wp-content\/uploads\/2020\/12\/contenidors-bou-grupo-jorge.png\u00bb alt=\u00bbLogo Grupo Jorge\u00bb title_text=\u00bbcontenidors-bou-grupo-jorge\u00bb align=\u00bbcenter\u00bb _builder_version=\u00bb4.7.4&#8243; _module_preset=\u00bbdefault\u00bb width=\u00bb64%\u00bb][\/et_pb_image][\/et_pb_column][et_pb_column type=\u00bb1_3&#8243; module_class=\u00bbds-vertical-align\u00bb _builder_version=\u00bb4.7.4&#8243; _module_preset=\u00bbdefault\u00bb][et_pb_image src=\u00bbhttps:\/\/contenidorsbou.com\/wp-content\/uploads\/2020\/12\/contenidors-bou-esfosa-24.png\u00bb alt=\u00bbLogo esfosa\u00bb title_text=\u00bbcontenidors-bou-esfosa-24&#8243; align=\u00bbcenter\u00bb _builder_version=\u00bb4.7.4&#8243; _module_preset=\u00bbdefault\u00bb width=\u00bb70%\u00bb][\/et_pb_image][\/et_pb_column][\/et_pb_row][\/et_pb_section][et_pb_section fb_built=\u00bb1&#8243; disabled_on=\u00bbon|off|off\u00bb admin_label=\u00bbESCRITORIO\u00bb _builder_version=\u00bb4.7.7&#8243; _module_preset=\u00bbdefault\u00bb custom_padding=\u00bb0px|0px|0px|0px|false|false\u00bb locked=\u00bboff\u00bb][et_pb_row column_structure=\u00bb1_4,1_4,1_4,1_4&#8243; _builder_version=\u00bb4.7.7&#8243; _module_preset=\u00bbdefault\u00bb custom_padding=\u00bb4%|0px|40px|0px|false|false\u00bb border_width_bottom=\u00bb1px\u00bb border_color_bottom=\u00bb#666666&#8243;][et_pb_column type=\u00bb1_4&#8243; _builder_version=\u00bb4.7.4&#8243; _module_preset=\u00bbdefault\u00bb][et_pb_image src=\u00bbhttps:\/\/contenidorsbou.com\/wp-content\/uploads\/2020\/11\/contenedores-bou-logo.png\u00bb alt=\u00bbLogotipo contenedores Bou\u00bb title_text=\u00bbcontenedores-bou-logo\u00bb _builder_version=\u00bb4.7.4&#8243; _module_preset=\u00bbdefault\u00bb width=\u00bb80%\u00bb][\/et_pb_image][\/et_pb_column][et_pb_column type=\u00bb1_4&#8243; _builder_version=\u00bb4.7.4&#8243; _module_preset=\u00bbdefault\u00bb][et_pb_sidebar show_border=\u00bboff\u00bb _builder_version=\u00bb4.7.4&#8243; _module_preset=\u00bbdefault\u00bb body_line_height=\u00bb1.5em\u00bb text_orientation=\u00bbleft\u00bb custom_margin=\u00bb|||15%|false|false\u00bb][\/et_pb_sidebar][\/et_pb_column][et_pb_column type=\u00bb1_4&#8243; _builder_version=\u00bb4.7.4&#8243; _module_preset=\u00bbdefault\u00bb][et_pb_text _builder_version=\u00bb4.7.7&#8243; _module_preset=\u00bbdefault\u00bb text_line_height=\u00bb1.3em\u00bb hover_enabled=\u00bb0&#8243; sticky_enabled=\u00bb0&#8243;]<\/p>\n<p><span style=\"color: #ea8c08;\">CONTENIDORS BOU, S.L.<\/span><br \/>Gesti\u00f3n y transporte de residuos<br \/>Carrer Pirineu, 6<br \/>Pol. Ind. Adoberies Oest<br \/>08506 CALLDETENES<br \/>T. 93 886 88 10<br \/><a href=\"mailto:comercial@contenidorsbou.com\">comercial@contenidorsbou.com<\/a><\/p>\n<p><a href=\"https:\/\/contenidorsbou.com\/avis-legal\/\" target=\"_blank\" rel=\"noopener\">Aviso legal<\/a> y <a href=\"https:\/\/contenidorsbou.com\/politica-de-privacidad\/\" target=\"_blank\" rel=\"noopener\">pol\u00edtica de privacidad<\/a><\/p>\n<p>[\/et_pb_text][\/et_pb_column][et_pb_column type=\u00bb1_4&#8243; _builder_version=\u00bb4.7.4&#8243; _module_preset=\u00bbdefault\u00bb][et_pb_text _builder_version=\u00bb4.7.7&#8243; _module_preset=\u00bbdefault\u00bb text_text_color=\u00bb#98252d\u00bb text_font_size=\u00bb20px\u00bb]<\/p>\n<p>S\u00edganos en:<\/p>\n<p>[\/et_pb_text][et_pb_social_media_follow icon_color=\u00bb#ffffff\u00bb _builder_version=\u00bb4.7.4&#8243; _module_preset=\u00bbdefault\u00bb custom_button=\u00bbon\u00bb button_text_color=\u00bb#ffffff\u00bb border_radii=\u00bbon|7px|7px|7px|7px\u00bb][et_pb_social_media_follow_network social_network=\u00bblinkedin\u00bb url=\u00bbhttps:\/\/www.linkedin.com\/company\/contenidors-bou\u00bb icon_color=\u00bb#ffffff\u00bb _builder_version=\u00bb4.7.4&#8243; _module_preset=\u00bbdefault\u00bb background_color=\u00bbrgba(0,0,0,0.5)\u00bb background_enable_color=\u00bbon\u00bb border_radii=\u00bbon|7px|7px|7px|7px\u00bb background__hover_enabled=\u00bbon|desktop\u00bb background_color__hover=\u00bb#ea8c08&#8243; background_enable_color__hover=\u00bbon\u00bb follow_button=\u00bboff\u00bb url_new_window=\u00bbon\u00bb]linkedin[\/et_pb_social_media_follow_network][et_pb_social_media_follow_network social_network=\u00bbinstagram\u00bb url=\u00bbhttps:\/\/www.instagram.com\/contenidors_bou\/\u00bb _builder_version=\u00bb4.7.4&#8243; _module_preset=\u00bbdefault\u00bb background_color=\u00bbrgba(0,0,0,0.5)\u00bb background_enable_color=\u00bbon\u00bb background__hover_enabled=\u00bbon|hover\u00bb background_color__hover=\u00bb#ea8c08&#8243; background_enable_color__hover=\u00bbon\u00bb follow_button=\u00bboff\u00bb url_new_window=\u00bbon\u00bb]instagram[\/et_pb_social_media_follow_network][et_pb_social_media_follow_network social_network=\u00bbfacebook\u00bb url=\u00bbhttps:\/\/www.facebook.com\/ContenidorsBou\/\u00bb _builder_version=\u00bb4.7.4&#8243; _module_preset=\u00bbdefault\u00bb background_color=\u00bbrgba(0,0,0,0.5)\u00bb background_enable_color=\u00bbon\u00bb background__hover_enabled=\u00bbon|desktop\u00bb background_color__hover=\u00bb#ea8c08&#8243; background_enable_color__hover=\u00bbon\u00bb follow_button=\u00bboff\u00bb url_new_window=\u00bbon\u00bb]facebook[\/et_pb_social_media_follow_network][\/et_pb_social_media_follow][\/et_pb_column][\/et_pb_row][\/et_pb_section][et_pb_section fb_built=\u00bb1&#8243; disabled_on=\u00bboff|on|on\u00bb admin_label=\u00bbMOBIL\u00bb _builder_version=\u00bb4.7.7&#8243; _module_preset=\u00bbdefault\u00bb custom_padding=\u00bb0px|0px|0px|0px|false|false\u00bb locked=\u00bboff\u00bb][et_pb_row column_structure=\u00bb1_4,1_4,1_4,1_4&#8243; _builder_version=\u00bb4.7.7&#8243; _module_preset=\u00bbdefault\u00bb custom_padding=\u00bb4%|0px|40px|0px|false|false\u00bb border_width_bottom=\u00bb1px\u00bb border_color_bottom=\u00bb#666666&#8243;][et_pb_column type=\u00bb1_4&#8243; _builder_version=\u00bb4.7.4&#8243; _module_preset=\u00bbdefault\u00bb][et_pb_image src=\u00bbhttps:\/\/contenidorsbou.com\/wp-content\/uploads\/2020\/11\/contenedores-bou-logo.png\u00bb alt=\u00bbLogotipo contenedores Bou\u00bb title_text=\u00bbcontenedores-bou-logo\u00bb _builder_version=\u00bb4.7.4&#8243; _module_preset=\u00bbdefault\u00bb width=\u00bb80%\u00bb][\/et_pb_image][\/et_pb_column][et_pb_column type=\u00bb1_4&#8243; _builder_version=\u00bb4.7.4&#8243; _module_preset=\u00bbdefault\u00bb][et_pb_sidebar show_border=\u00bboff\u00bb _builder_version=\u00bb4.7.4&#8243; _module_preset=\u00bbdefault\u00bb body_line_height=\u00bb1.5em\u00bb text_orientation=\u00bbcenter\u00bb custom_margin=\u00bb||||false|false\u00bb][\/et_pb_sidebar][\/et_pb_column][et_pb_column type=\u00bb1_4&#8243; _builder_version=\u00bb4.7.4&#8243; _module_preset=\u00bbdefault\u00bb][et_pb_text _builder_version=\u00bb4.7.7&#8243; _module_preset=\u00bbdefault\u00bb text_line_height=\u00bb1.3em\u00bb text_orientation=\u00bbcenter\u00bb hover_enabled=\u00bb0&#8243; sticky_enabled=\u00bb0&#8243;]<\/p>\n<p><span style=\"color: #ea8c08;\">CONTENIDORS BOU, S.L.<\/span><br \/>Gesti\u00f3n y transporte de residuos<br \/>Carrer Pirineu, 6<br \/>Pol. Ind. Adoberies Oest<br \/>08506 CALLDETENES<br \/>T. 93 886 88 10<br \/><a href=\"mailto:comercial@contenidorsbou.com\">comercial@contenidorsbou.com<\/a><\/p>\n<p><a href=\"https:\/\/contenidorsbou.com\/avis-legal\/\" target=\"_blank\" rel=\"noopener\">Aviso legal<\/a> y <a href=\"https:\/\/contenidorsbou.com\/politica-de-privacidad\/\" target=\"_blank\" rel=\"noopener\">pol\u00edtica de privacidad<\/a><\/p>\n<p>[\/et_pb_text][\/et_pb_column][et_pb_column type=\u00bb1_4&#8243; _builder_version=\u00bb4.7.4&#8243; _module_preset=\u00bbdefault\u00bb][et_pb_text _builder_version=\u00bb4.7.7&#8243; _module_preset=\u00bbdefault\u00bb text_text_color=\u00bb#98252d\u00bb text_font_size=\u00bb20px\u00bb text_orientation=\u00bbcenter\u00bb]<\/p>\n<p>S\u00edganos en:<\/p>\n<p>[\/et_pb_text][et_pb_social_media_follow icon_color=\u00bb#ffffff\u00bb _builder_version=\u00bb4.7.4&#8243; _module_preset=\u00bbdefault\u00bb custom_button=\u00bbon\u00bb button_text_color=\u00bb#ffffff\u00bb text_orientation=\u00bbcenter\u00bb border_radii=\u00bbon|7px|7px|7px|7px\u00bb][et_pb_social_media_follow_network social_network=\u00bblinkedin\u00bb url=\u00bbhttps:\/\/www.linkedin.com\/company\/contenidors-bou\u00bb icon_color=\u00bb#ffffff\u00bb _builder_version=\u00bb4.7.4&#8243; _module_preset=\u00bbdefault\u00bb background_color=\u00bbrgba(0,0,0,0.5)\u00bb background_enable_color=\u00bbon\u00bb border_radii=\u00bbon|7px|7px|7px|7px\u00bb background__hover_enabled=\u00bbon|desktop\u00bb background_color__hover=\u00bb#ea8c08&#8243; background_enable_color__hover=\u00bbon\u00bb follow_button=\u00bboff\u00bb url_new_window=\u00bbon\u00bb]linkedin[\/et_pb_social_media_follow_network][et_pb_social_media_follow_network social_network=\u00bbinstagram\u00bb url=\u00bbhttps:\/\/www.instagram.com\/contenidors_bou\/\u00bb _builder_version=\u00bb4.7.4&#8243; _module_preset=\u00bbdefault\u00bb background_color=\u00bbrgba(0,0,0,0.5)\u00bb background_enable_color=\u00bbon\u00bb background__hover_enabled=\u00bbon|hover\u00bb background_color__hover=\u00bb#ea8c08&#8243; background_enable_color__hover=\u00bbon\u00bb follow_button=\u00bboff\u00bb url_new_window=\u00bbon\u00bb]instagram[\/et_pb_social_media_follow_network][et_pb_social_media_follow_network social_network=\u00bbfacebook\u00bb url=\u00bbhttps:\/\/www.facebook.com\/ContenidorsBou\/\u00bb _builder_version=\u00bb4.7.4&#8243; _module_preset=\u00bbdefault\u00bb background_color=\u00bbrgba(0,0,0,0.5)\u00bb background_enable_color=\u00bbon\u00bb background__hover_enabled=\u00bbon|desktop\u00bb background_color__hover=\u00bb#ea8c08&#8243; background_enable_color__hover=\u00bbon\u00bb follow_button=\u00bboff\u00bb url_new_window=\u00bbon\u00bb]facebook[\/et_pb_social_media_follow_network][\/et_pb_social_media_follow][\/et_pb_column][\/et_pb_row][\/et_pb_section]<\/p>\n","protected":false},"excerpt":{"rendered":"<p>ALGUNOS DE NUESTROS CLIENTESCONTENIDORS BOU, S.L.Gesti\u00f3n y transporte de residuosCarrer Pirineu, 6Pol. Ind. Adoberies Oest08506 CALLDETENEST. 93 886 88 10comercial@contenidorsbou.com Aviso legal y pol\u00edtica de privacidad S\u00edganos en:CONTENIDORS BOU, S.L.Gesti\u00f3n y transporte de residuosCarrer Pirineu, 6Pol. Ind. Adoberies Oest08506 CALLDETENEST. 93 886 88 10comercial@contenidorsbou.com Aviso legal y pol\u00edtica de privacidad S\u00edganos en:<\/p>\n","protected":false},"author":2,"featured_media":0,"parent":0,"menu_order":0,"comment_status":"closed","ping_status":"closed","template":"","meta":{"_et_pb_use_builder":"on","_et_pb_old_content":"","_et_gb_content_width":"","footnotes":""},"class_list":["post-906","page","type-page","status-publish","hentry"],"yoast_head":"<!-- This site is optimized with the Yoast SEO plugin v27.2 - https:\/\/yoast.com\/product\/yoast-seo-wordpress\/ -->\n<title>CLIENTES - Contenidors Bou<\/title>\n<meta name=\"robots\" content=\"index, follow, max-snippet:-1, max-image-preview:large, max-video-preview:-1\" \/>\n<link rel=\"canonical\" href=\"https:\/\/contenidorsbou.com\/es\/clientes\/\" \/>\n<meta property=\"og:locale\" content=\"es_ES\" \/>\n<meta property=\"og:type\" content=\"article\" \/>\n<meta property=\"og:title\" content=\"CLIENTES - Contenidors Bou\" \/>\n<meta property=\"og:description\" content=\"ALGUNOS DE NUESTROS CLIENTESCONTENIDORS BOU, S.L.Gesti\u00f3n y transporte de residuosCarrer Pirineu, 6Pol. Ind. Adoberies Oest08506 CALLDETENEST. 93 886 88 10comercial@contenidorsbou.com Aviso legal y pol\u00edtica de privacidad S\u00edganos en:CONTENIDORS BOU, S.L.Gesti\u00f3n y transporte de residuosCarrer Pirineu, 6Pol. Ind. Adoberies Oest08506 CALLDETENEST. 93 886 88 10comercial@contenidorsbou.com Aviso legal y pol\u00edtica de privacidad S\u00edganos en:\" \/>\n<meta property=\"og:url\" content=\"https:\/\/contenidorsbou.com\/es\/clientes\/\" \/>\n<meta property=\"og:site_name\" content=\"Contenidors Bou\" \/>\n<meta property=\"article:modified_time\" content=\"2021-01-04T09:58:36+00:00\" \/>\n<meta name=\"twitter:card\" content=\"summary_large_image\" \/>\n<meta name=\"twitter:label1\" content=\"Tiempo de lectura\" \/>\n\t<meta name=\"twitter:data1\" content=\"8 minutos\" \/>\n<script type=\"application\/ld+json\" class=\"yoast-schema-graph\">{\"@context\":\"https:\/\/schema.org\",\"@graph\":[{\"@type\":\"WebPage\",\"@id\":\"https:\/\/contenidorsbou.com\/es\/clientes\/\",\"url\":\"https:\/\/contenidorsbou.com\/es\/clientes\/\",\"name\":\"CLIENTES - Contenidors Bou\",\"isPartOf\":{\"@id\":\"https:\/\/contenidorsbou.com\/#website\"},\"datePublished\":\"2020-12-02T15:57:54+00:00\",\"dateModified\":\"2021-01-04T09:58:36+00:00\",\"breadcrumb\":{\"@id\":\"https:\/\/contenidorsbou.com\/es\/clientes\/#breadcrumb\"},\"inLanguage\":\"es\",\"potentialAction\":[{\"@type\":\"ReadAction\",\"target\":[\"https:\/\/contenidorsbou.com\/es\/clientes\/\"]}]},{\"@type\":\"BreadcrumbList\",\"@id\":\"https:\/\/contenidorsbou.com\/es\/clientes\/#breadcrumb\",\"itemListElement\":[{\"@type\":\"ListItem\",\"position\":1,\"name\":\"Home\",\"item\":\"https:\/\/contenidorsbou.com\/es\/\"},{\"@type\":\"ListItem\",\"position\":2,\"name\":\"CLIENTES\"}]},{\"@type\":\"WebSite\",\"@id\":\"https:\/\/contenidorsbou.com\/#website\",\"url\":\"https:\/\/contenidorsbou.com\/\",\"name\":\"Contenidors Bou\",\"description\":\"Transporte de residuos, contenedores especiales\",\"potentialAction\":[{\"@type\":\"SearchAction\",\"target\":{\"@type\":\"EntryPoint\",\"urlTemplate\":\"https:\/\/contenidorsbou.com\/?s={search_term_string}\"},\"query-input\":{\"@type\":\"PropertyValueSpecification\",\"valueRequired\":true,\"valueName\":\"search_term_string\"}}],\"inLanguage\":\"es\"}]}<\/script>\n<!-- \/ Yoast SEO plugin. -->","yoast_head_json":{"title":"CLIENTES - Contenidors Bou","robots":{"index":"index","follow":"follow","max-snippet":"max-snippet:-1","max-image-preview":"max-image-preview:large","max-video-preview":"max-video-preview:-1"},"canonical":"https:\/\/contenidorsbou.com\/es\/clientes\/","og_locale":"es_ES","og_type":"article","og_title":"CLIENTES - Contenidors Bou","og_description":"ALGUNOS DE NUESTROS CLIENTESCONTENIDORS BOU, S.L.Gesti\u00f3n y transporte de residuosCarrer Pirineu, 6Pol. Ind. Adoberies Oest08506 CALLDETENEST. 93 886 88 10comercial@contenidorsbou.com Aviso legal y pol\u00edtica de privacidad S\u00edganos en:CONTENIDORS BOU, S.L.Gesti\u00f3n y transporte de residuosCarrer Pirineu, 6Pol. Ind. Adoberies Oest08506 CALLDETENEST. 93 886 88 10comercial@contenidorsbou.com Aviso legal y pol\u00edtica de privacidad S\u00edganos en:","og_url":"https:\/\/contenidorsbou.com\/es\/clientes\/","og_site_name":"Contenidors Bou","article_modified_time":"2021-01-04T09:58:36+00:00","twitter_card":"summary_large_image","twitter_misc":{"Tiempo de lectura":"8 minutos"},"schema":{"@context":"https:\/\/schema.org","@graph":[{"@type":"WebPage","@id":"https:\/\/contenidorsbou.com\/es\/clientes\/","url":"https:\/\/contenidorsbou.com\/es\/clientes\/","name":"CLIENTES - Contenidors Bou","isPartOf":{"@id":"https:\/\/contenidorsbou.com\/#website"},"datePublished":"2020-12-02T15:57:54+00:00","dateModified":"2021-01-04T09:58:36+00:00","breadcrumb":{"@id":"https:\/\/contenidorsbou.com\/es\/clientes\/#breadcrumb"},"inLanguage":"es","potentialAction":[{"@type":"ReadAction","target":["https:\/\/contenidorsbou.com\/es\/clientes\/"]}]},{"@type":"BreadcrumbList","@id":"https:\/\/contenidorsbou.com\/es\/clientes\/#breadcrumb","itemListElement":[{"@type":"ListItem","position":1,"name":"Home","item":"https:\/\/contenidorsbou.com\/es\/"},{"@type":"ListItem","position":2,"name":"CLIENTES"}]},{"@type":"WebSite","@id":"https:\/\/contenidorsbou.com\/#website","url":"https:\/\/contenidorsbou.com\/","name":"Contenidors Bou","description":"Transporte de residuos, contenedores especiales","potentialAction":[{"@type":"SearchAction","target":{"@type":"EntryPoint","urlTemplate":"https:\/\/contenidorsbou.com\/?s={search_term_string}"},"query-input":{"@type":"PropertyValueSpecification","valueRequired":true,"valueName":"search_term_string"}}],"inLanguage":"es"}]}},"_links":{"self":[{"href":"https:\/\/contenidorsbou.com\/es\/wp-json\/wp\/v2\/pages\/906","targetHints":{"allow":["GET"]}}],"collection":[{"href":"https:\/\/contenidorsbou.com\/es\/wp-json\/wp\/v2\/pages"}],"about":[{"href":"https:\/\/contenidorsbou.com\/es\/wp-json\/wp\/v2\/types\/page"}],"author":[{"embeddable":true,"href":"https:\/\/contenidorsbou.com\/es\/wp-json\/wp\/v2\/users\/2"}],"replies":[{"embeddable":true,"href":"https:\/\/contenidorsbou.com\/es\/wp-json\/wp\/v2\/comments?post=906"}],"version-history":[{"count":5,"href":"https:\/\/contenidorsbou.com\/es\/wp-json\/wp\/v2\/pages\/906\/revisions"}],"predecessor-version":[{"id":943,"href":"https:\/\/contenidorsbou.com\/es\/wp-json\/wp\/v2\/pages\/906\/revisions\/943"}],"wp:attachment":[{"href":"https:\/\/contenidorsbou.com\/es\/wp-json\/wp\/v2\/media?parent=906"}],"curies":[{"name":"wp","href":"https:\/\/api.w.org\/{rel}","templated":true}]}}