{"id":914,"date":"2020-12-02T15:58:17","date_gmt":"2020-12-02T15:58:17","guid":{"rendered":"https:\/\/contenidorsbou.com\/contacte\/"},"modified":"2021-01-04T09:59:28","modified_gmt":"2021-01-04T09:59:28","slug":"contacto","status":"publish","type":"page","link":"https:\/\/contenidorsbou.com\/es\/contacto\/","title":{"rendered":"CONTACTO"},"content":{"rendered":"<p>[et_pb_section fb_built=\u00bb1&#8243; custom_padding_last_edited=\u00bbon|phone\u00bb _builder_version=\u00bb4.7.4&#8243; _module_preset=\u00bbdefault\u00bb background_image=\u00bbhttps:\/\/contenidorsbou.com\/wp-content\/uploads\/2020\/12\/contenidors-bou-cabecera-contacto.jpg\u00bb width=\u00bb100%\u00bb max_width=\u00bb100%\u00bb custom_padding=\u00bb24%|0px|24%|0px|true|false\u00bb custom_padding_tablet=\u00bb\u00bb custom_padding_phone=\u00bb30%|0px|30%|0px|true|false\u00bb locked=\u00bboff\u00bb][\/et_pb_section][et_pb_section fb_built=\u00bb1&#8243; disabled_on=\u00bbon|off|off\u00bb admin_label=\u00bbESCRITORIO\u00bb _builder_version=\u00bb4.7.4&#8243; _module_preset=\u00bbdefault\u00bb custom_padding=\u00bb0px|0px|0px|0px|false|false\u00bb][et_pb_row column_structure=\u00bb3_5,2_5&#8243; make_equal=\u00bbon\u00bb _builder_version=\u00bb4.7.4&#8243; _module_preset=\u00bbdefault\u00bb width=\u00bb100%\u00bb max_width=\u00bb100%\u00bb custom_padding=\u00bb0px|0px|0px|0px|false|false\u00bb][et_pb_column type=\u00bb3_5&#8243; module_class=\u00bbds-vertical-align\u00bb _builder_version=\u00bb4.7.4&#8243; _module_preset=\u00bbdefault\u00bb][et_pb_text _builder_version=\u00bb4.7.4&#8243; _module_preset=\u00bbdefault\u00bb]<iframe loading=\"lazy\" src=\"https:\/\/www.google.com\/maps\/embed?pb=!1m18!1m12!1m3!1d2968.3083872066245!2d2.2812155517691917!3d41.929224270088824!2m3!1f0!2f0!3f0!3m2!1i1024!2i768!4f13.1!3m3!1m2!1s0x12a527c832a5c607%3A0x24fef7aaddd0830d!2sContenidors%20Bou!5e0!3m2!1ses!2ses!4v1607619117704!5m2!1ses!2ses\" width=\"100%\" height=\"700\" frameborder=\"0\" style=\"border:0;\" allowfullscreen=\"\" aria-hidden=\"false\" tabindex=\"0\"><\/iframe>[\/et_pb_text][\/et_pb_column][et_pb_column type=\u00bb2_5&#8243; module_class=\u00bbds-vertical-align\u00bb _builder_version=\u00bb4.7.4&#8243; _module_preset=\u00bbdefault\u00bb][et_pb_text _builder_version=\u00bb4.7.7&#8243; _module_preset=\u00bbdefault\u00bb text_text_color=\u00bb#000000&#8243; text_font_size=\u00bb20px\u00bb text_line_height=\u00bb1.5em\u00bb header_text_color=\u00bb#ffffff\u00bb custom_padding=\u00bb3%|7%|0px|7%|false|true\u00bb]<\/p>\n<p><span style=\"color: #ea8c08;\">Vis\u00edtenos, contacte con nosostros<\/span><br \/><span style=\"color: #ea8c08;\">y s\u00edganos:<\/span><\/p>\n<p>Carrer Pirineu, 6<br \/>Pol. Ind. Adoberies Oest<br \/>08506 CALLDETENES<\/p>\n<p><strong>T. 93 886 88 10<\/strong><\/p>\n<p><a href=\"mailto:comercial@contenidorsbou.com\">comercial@contenidorsbou.com<\/a><\/p>\n<p>[\/et_pb_text][et_pb_social_media_follow icon_color=\u00bb#ffffff\u00bb _builder_version=\u00bb4.7.4&#8243; _module_preset=\u00bbdefault\u00bb custom_button=\u00bbon\u00bb button_text_color=\u00bb#ffffff\u00bb custom_margin=\u00bb-20px||||false|false\u00bb custom_padding=\u00bb|7%|3%|7%|false|true\u00bb border_radii=\u00bbon|7px|7px|7px|7px\u00bb][et_pb_social_media_follow_network social_network=\u00bblinkedin\u00bb url=\u00bbhttps:\/\/www.linkedin.com\/company\/contenidors-bou\u00bb icon_color=\u00bb#ffffff\u00bb _builder_version=\u00bb4.7.4&#8243; _module_preset=\u00bbdefault\u00bb background_color=\u00bbrgba(0,0,0,0.5)\u00bb background_enable_color=\u00bbon\u00bb border_radii=\u00bbon|7px|7px|7px|7px\u00bb background__hover_enabled=\u00bbon|desktop\u00bb background_color__hover=\u00bb#ea8c08&#8243; background_enable_color__hover=\u00bbon\u00bb follow_button=\u00bboff\u00bb url_new_window=\u00bbon\u00bb]linkedin[\/et_pb_social_media_follow_network][et_pb_social_media_follow_network social_network=\u00bbinstagram\u00bb url=\u00bbhttps:\/\/www.instagram.com\/contenidors_bou\/\u00bb _builder_version=\u00bb4.7.4&#8243; _module_preset=\u00bbdefault\u00bb background_color=\u00bbrgba(0,0,0,0.5)\u00bb background_enable_color=\u00bbon\u00bb background__hover_enabled=\u00bbon|hover\u00bb background_color__hover=\u00bb#ea8c08&#8243; background_enable_color__hover=\u00bbon\u00bb follow_button=\u00bboff\u00bb url_new_window=\u00bbon\u00bb]instagram[\/et_pb_social_media_follow_network][et_pb_social_media_follow_network social_network=\u00bbfacebook\u00bb url=\u00bbhttps:\/\/www.facebook.com\/ContenidorsBou\/\u00bb _builder_version=\u00bb4.7.4&#8243; _module_preset=\u00bbdefault\u00bb background_color=\u00bbrgba(0,0,0,0.5)\u00bb background_enable_color=\u00bbon\u00bb background__hover_enabled=\u00bbon|desktop\u00bb background_color__hover=\u00bb#ea8c08&#8243; background_enable_color__hover=\u00bbon\u00bb follow_button=\u00bboff\u00bb url_new_window=\u00bbon\u00bb]facebook[\/et_pb_social_media_follow_network][\/et_pb_social_media_follow][\/et_pb_column][\/et_pb_row][\/et_pb_section][et_pb_section fb_built=\u00bb1&#8243; disabled_on=\u00bboff|on|on\u00bb admin_label=\u00bbMOBIL\u00bb _builder_version=\u00bb4.7.4&#8243; _module_preset=\u00bbdefault\u00bb custom_padding=\u00bb0px|0px|0px|0px|false|false\u00bb][et_pb_row column_structure=\u00bb3_5,2_5&#8243; make_equal=\u00bbon\u00bb _builder_version=\u00bb4.7.4&#8243; _module_preset=\u00bbdefault\u00bb width=\u00bb100%\u00bb max_width=\u00bb100%\u00bb custom_padding=\u00bb0px|0px|0px|0px|false|false\u00bb][et_pb_column type=\u00bb3_5&#8243; module_class=\u00bbds-vertical-align\u00bb _builder_version=\u00bb4.7.4&#8243; _module_preset=\u00bbdefault\u00bb][et_pb_text _builder_version=\u00bb4.7.7&#8243; _module_preset=\u00bbdefault\u00bb text_text_color=\u00bb#000000&#8243; text_font_size=\u00bb20px\u00bb text_line_height=\u00bb1.5em\u00bb header_text_color=\u00bb#ffffff\u00bb custom_padding=\u00bb3%|7%|0px|7%|false|true\u00bb]<\/p>\n<p><span style=\"color: #ea8c08;\">Vis\u00edtenos, contacte con nosotros<\/span><br \/><span style=\"color: #ea8c08;\">y s\u00edganos:<\/span><\/p>\n<p>Carrer Pirineu, 6<br \/>Pol. Ind. Adoberies Oest<br \/>08506 CALLDETENES<\/p>\n<p><strong>T. 93 886 88 10<\/strong><\/p>\n<p><a href=\"mailto:comercial@contenidorsbou.com\">comercial@contenidorsbou.com<\/a><\/p>\n<p>[\/et_pb_text][et_pb_social_media_follow icon_color=\u00bb#ffffff\u00bb _builder_version=\u00bb4.7.4&#8243; _module_preset=\u00bbdefault\u00bb custom_button=\u00bbon\u00bb button_text_color=\u00bb#ffffff\u00bb custom_margin=\u00bb-20px||||false|false\u00bb custom_padding=\u00bb|7%|3%|7%|false|true\u00bb border_radii=\u00bbon|7px|7px|7px|7px\u00bb][et_pb_social_media_follow_network social_network=\u00bblinkedin\u00bb url=\u00bbhttps:\/\/www.linkedin.com\/company\/contenidors-bou\u00bb icon_color=\u00bb#ffffff\u00bb _builder_version=\u00bb4.7.4&#8243; _module_preset=\u00bbdefault\u00bb background_color=\u00bbrgba(0,0,0,0.5)\u00bb background_enable_color=\u00bbon\u00bb border_radii=\u00bbon|7px|7px|7px|7px\u00bb background__hover_enabled=\u00bbon|desktop\u00bb background_color__hover=\u00bb#ea8c08&#8243; background_enable_color__hover=\u00bbon\u00bb follow_button=\u00bboff\u00bb url_new_window=\u00bbon\u00bb]linkedin[\/et_pb_social_media_follow_network][et_pb_social_media_follow_network social_network=\u00bbinstagram\u00bb url=\u00bbhttps:\/\/www.instagram.com\/contenidors_bou\/\u00bb _builder_version=\u00bb4.7.4&#8243; _module_preset=\u00bbdefault\u00bb background_color=\u00bbrgba(0,0,0,0.5)\u00bb background_enable_color=\u00bbon\u00bb background__hover_enabled=\u00bbon|hover\u00bb background_color__hover=\u00bb#ea8c08&#8243; background_enable_color__hover=\u00bbon\u00bb follow_button=\u00bboff\u00bb url_new_window=\u00bbon\u00bb]instagram[\/et_pb_social_media_follow_network][et_pb_social_media_follow_network social_network=\u00bbfacebook\u00bb url=\u00bbhttps:\/\/www.facebook.com\/ContenidorsBou\/\u00bb _builder_version=\u00bb4.7.4&#8243; _module_preset=\u00bbdefault\u00bb background_color=\u00bbrgba(0,0,0,0.5)\u00bb background_enable_color=\u00bbon\u00bb background__hover_enabled=\u00bbon|desktop\u00bb background_color__hover=\u00bb#ea8c08&#8243; background_enable_color__hover=\u00bbon\u00bb follow_button=\u00bboff\u00bb url_new_window=\u00bbon\u00bb]facebook[\/et_pb_social_media_follow_network][\/et_pb_social_media_follow][\/et_pb_column][et_pb_column type=\u00bb2_5&#8243; module_class=\u00bbds-vertical-align\u00bb _builder_version=\u00bb4.7.4&#8243; _module_preset=\u00bbdefault\u00bb][et_pb_text _builder_version=\u00bb4.7.4&#8243; _module_preset=\u00bbdefault\u00bb custom_padding=\u00bb0px|0px|0px|0px|false|false\u00bb]<iframe loading=\"lazy\" style=\"border: 0;\" tabindex=\"0\" src=\"https:\/\/www.google.com\/maps\/embed?pb=!1m18!1m12!1m3!1d2968.3083872066245!2d2.2812155517691917!3d41.929224270088824!2m3!1f0!2f0!3f0!3m2!1i1024!2i768!4f13.1!3m3!1m2!1s0x12a527c832a5c607%3A0x24fef7aaddd0830d!2sContenidors%20Bou!5e0!3m2!1ses!2ses!4v1607619117704!5m2!1ses!2ses\" width=\"100%\" height=\"400\" frameborder=\"0\" allowfullscreen=\"allowfullscreen\" aria-hidden=\"false\"><\/iframe>[\/et_pb_text][\/et_pb_column][\/et_pb_row][\/et_pb_section][et_pb_section fb_built=\u00bb1&#8243; _builder_version=\u00bb4.7.4&#8243; _module_preset=\u00bbdefault\u00bb background_color=\u00bb#ea8c08&#8243; width=\u00bb100%\u00bb max_width=\u00bb100%\u00bb custom_padding=\u00bb0px|0px|0px|0px|false|false\u00bb][et_pb_row custom_padding_last_edited=\u00bbon|tablet\u00bb _builder_version=\u00bb4.7.4&#8243; _module_preset=\u00bbdefault\u00bb custom_padding=\u00bb4%||4%||true|false\u00bb custom_padding_tablet=\u00bb\u00bb custom_padding_phone=\u00bb10%||10%||true|false\u00bb][et_pb_column type=\u00bb4_4&#8243; _builder_version=\u00bb4.7.4&#8243; _module_preset=\u00bbdefault\u00bb][et_pb_text _builder_version=\u00bb4.7.7&#8243; _module_preset=\u00bbdefault\u00bb text_text_color=\u00bb#ffffff\u00bb text_font_size=\u00bb20px\u00bb header_text_color=\u00bb#ffffff\u00bb header_line_height=\u00bb1.4em\u00bb header_font_size_tablet=\u00bb\u00bb header_font_size_phone=\u00bb30px\u00bb header_font_size_last_edited=\u00bbon|desktop\u00bb]<\/p>\n<h1>CERTIFICADOS Y AUTORIZACIONES<\/h1>\n<p>&nbsp;<\/p>\n<p>&#8211; Transportista de RCD autorizado por la Agencia de Residuos de Catalu\u00f1a (c\u00f3digo TRC-00183)<\/p>\n<p>&#8211; Transportista de residuos SANDACH autorizado por el Estado espa\u00f1ol (c\u00f3digo S08037096)<\/p>\n<p>&#8211; Transportista autorizado por la Agencia de Residuos de Catalu\u00f1a (c\u00f3digo T-474)<\/p>\n<p>&#8211; Agente y notificador autorizado por la Agencia de Residuos de Catalu\u00f1a (c\u00f3digo A-10162)<\/p>\n<p>&#8211; Empresa registrada en el Registro de Licitadores para concursos p\u00fablicos<\/p>\n<p>&#8211; Seguro de responsabilidad medioambiental<\/p>\n<p>[\/et_pb_text][\/et_pb_column][\/et_pb_row][\/et_pb_section][et_pb_section fb_built=\u00bb1&#8243; disabled_on=\u00bbon|off|off\u00bb admin_label=\u00bbESCRITORIO\u00bb _builder_version=\u00bb4.7.7&#8243; _module_preset=\u00bbdefault\u00bb custom_padding=\u00bb0px|0px|0px|0px|false|false\u00bb locked=\u00bboff\u00bb][et_pb_row column_structure=\u00bb1_4,1_4,1_4,1_4&#8243; _builder_version=\u00bb4.7.7&#8243; _module_preset=\u00bbdefault\u00bb custom_padding=\u00bb4%|0px|40px|0px|false|false\u00bb border_width_bottom=\u00bb1px\u00bb border_color_bottom=\u00bb#666666&#8243;][et_pb_column type=\u00bb1_4&#8243; _builder_version=\u00bb4.7.4&#8243; _module_preset=\u00bbdefault\u00bb][et_pb_image src=\u00bbhttps:\/\/contenidorsbou.com\/wp-content\/uploads\/2020\/11\/contenedores-bou-logo.png\u00bb alt=\u00bbLogotipo contenedores Bou\u00bb title_text=\u00bbcontenedores-bou-logo\u00bb _builder_version=\u00bb4.7.4&#8243; _module_preset=\u00bbdefault\u00bb width=\u00bb80%\u00bb][\/et_pb_image][\/et_pb_column][et_pb_column type=\u00bb1_4&#8243; _builder_version=\u00bb4.7.4&#8243; _module_preset=\u00bbdefault\u00bb][et_pb_sidebar show_border=\u00bboff\u00bb _builder_version=\u00bb4.7.4&#8243; _module_preset=\u00bbdefault\u00bb body_line_height=\u00bb1.5em\u00bb text_orientation=\u00bbleft\u00bb custom_margin=\u00bb|||15%|false|false\u00bb][\/et_pb_sidebar][\/et_pb_column][et_pb_column type=\u00bb1_4&#8243; _builder_version=\u00bb4.7.4&#8243; _module_preset=\u00bbdefault\u00bb][et_pb_text _builder_version=\u00bb4.7.7&#8243; _module_preset=\u00bbdefault\u00bb text_line_height=\u00bb1.3em\u00bb hover_enabled=\u00bb0&#8243; sticky_enabled=\u00bb0&#8243;]<\/p>\n<p><span style=\"color: #ea8c08;\">CONTENIDORS BOU, S.L.<\/span><br \/>Gesti\u00f3n y transporte de residuos<br \/>Carrer Pirineu, 6<br \/>Pol. Ind. Adoberies Oest<br \/>08506 CALLDETENES<br \/>T. 93 886 88 10<br \/><a href=\"mailto:comercial@contenidorsbou.com\">comercial@contenidorsbou.com<\/a><\/p>\n<p><a href=\"https:\/\/contenidorsbou.com\/avis-legal\/\" target=\"_blank\" rel=\"noopener\">Aviso legal<\/a> y <a href=\"https:\/\/contenidorsbou.com\/politica-de-privacidad\/\" target=\"_blank\" rel=\"noopener\">pol\u00edtica de privacidad<\/a><\/p>\n<p>[\/et_pb_text][\/et_pb_column][et_pb_column type=\u00bb1_4&#8243; _builder_version=\u00bb4.7.4&#8243; _module_preset=\u00bbdefault\u00bb][et_pb_text _builder_version=\u00bb4.7.7&#8243; _module_preset=\u00bbdefault\u00bb text_text_color=\u00bb#98252d\u00bb text_font_size=\u00bb20px\u00bb]<\/p>\n<p>S\u00edganos en:<\/p>\n<p>[\/et_pb_text][et_pb_social_media_follow icon_color=\u00bb#ffffff\u00bb _builder_version=\u00bb4.7.4&#8243; _module_preset=\u00bbdefault\u00bb custom_button=\u00bbon\u00bb button_text_color=\u00bb#ffffff\u00bb border_radii=\u00bbon|7px|7px|7px|7px\u00bb][et_pb_social_media_follow_network social_network=\u00bblinkedin\u00bb url=\u00bbhttps:\/\/www.linkedin.com\/company\/contenidors-bou\u00bb icon_color=\u00bb#ffffff\u00bb _builder_version=\u00bb4.7.4&#8243; _module_preset=\u00bbdefault\u00bb background_color=\u00bbrgba(0,0,0,0.5)\u00bb background_enable_color=\u00bbon\u00bb border_radii=\u00bbon|7px|7px|7px|7px\u00bb background__hover_enabled=\u00bbon|desktop\u00bb background_color__hover=\u00bb#ea8c08&#8243; background_enable_color__hover=\u00bbon\u00bb follow_button=\u00bboff\u00bb url_new_window=\u00bbon\u00bb]linkedin[\/et_pb_social_media_follow_network][et_pb_social_media_follow_network social_network=\u00bbinstagram\u00bb url=\u00bbhttps:\/\/www.instagram.com\/contenidors_bou\/\u00bb _builder_version=\u00bb4.7.4&#8243; _module_preset=\u00bbdefault\u00bb background_color=\u00bbrgba(0,0,0,0.5)\u00bb background_enable_color=\u00bbon\u00bb background__hover_enabled=\u00bbon|hover\u00bb background_color__hover=\u00bb#ea8c08&#8243; background_enable_color__hover=\u00bbon\u00bb follow_button=\u00bboff\u00bb url_new_window=\u00bbon\u00bb]instagram[\/et_pb_social_media_follow_network][et_pb_social_media_follow_network social_network=\u00bbfacebook\u00bb url=\u00bbhttps:\/\/www.facebook.com\/ContenidorsBou\/\u00bb _builder_version=\u00bb4.7.4&#8243; _module_preset=\u00bbdefault\u00bb background_color=\u00bbrgba(0,0,0,0.5)\u00bb background_enable_color=\u00bbon\u00bb background__hover_enabled=\u00bbon|desktop\u00bb background_color__hover=\u00bb#ea8c08&#8243; background_enable_color__hover=\u00bbon\u00bb follow_button=\u00bboff\u00bb url_new_window=\u00bbon\u00bb]facebook[\/et_pb_social_media_follow_network][\/et_pb_social_media_follow][\/et_pb_column][\/et_pb_row][\/et_pb_section][et_pb_section fb_built=\u00bb1&#8243; disabled_on=\u00bboff|on|on\u00bb admin_label=\u00bbMOBIL\u00bb _builder_version=\u00bb4.7.7&#8243; _module_preset=\u00bbdefault\u00bb custom_padding=\u00bb0px|0px|0px|0px|false|false\u00bb locked=\u00bboff\u00bb][et_pb_row column_structure=\u00bb1_4,1_4,1_4,1_4&#8243; _builder_version=\u00bb4.7.7&#8243; _module_preset=\u00bbdefault\u00bb custom_padding=\u00bb4%|0px|40px|0px|false|false\u00bb border_width_bottom=\u00bb1px\u00bb border_color_bottom=\u00bb#666666&#8243;][et_pb_column type=\u00bb1_4&#8243; _builder_version=\u00bb4.7.4&#8243; _module_preset=\u00bbdefault\u00bb][et_pb_image src=\u00bbhttps:\/\/contenidorsbou.com\/wp-content\/uploads\/2020\/11\/contenedores-bou-logo.png\u00bb alt=\u00bbLogotipo contenedores Bou\u00bb title_text=\u00bbcontenedores-bou-logo\u00bb _builder_version=\u00bb4.7.4&#8243; _module_preset=\u00bbdefault\u00bb width=\u00bb80%\u00bb][\/et_pb_image][\/et_pb_column][et_pb_column type=\u00bb1_4&#8243; _builder_version=\u00bb4.7.4&#8243; _module_preset=\u00bbdefault\u00bb][et_pb_sidebar show_border=\u00bboff\u00bb _builder_version=\u00bb4.7.4&#8243; _module_preset=\u00bbdefault\u00bb body_line_height=\u00bb1.5em\u00bb text_orientation=\u00bbcenter\u00bb custom_margin=\u00bb||||false|false\u00bb][\/et_pb_sidebar][\/et_pb_column][et_pb_column type=\u00bb1_4&#8243; _builder_version=\u00bb4.7.4&#8243; _module_preset=\u00bbdefault\u00bb][et_pb_text _builder_version=\u00bb4.7.7&#8243; _module_preset=\u00bbdefault\u00bb text_line_height=\u00bb1.3em\u00bb text_orientation=\u00bbcenter\u00bb hover_enabled=\u00bb0&#8243; sticky_enabled=\u00bb0&#8243;]<\/p>\n<p><span style=\"color: #ea8c08;\">CONTENIDORS BOU, S.L.<\/span><br \/>Gesti\u00f3n y transporte de residuos<br \/>Carrer Pirineu, 6<br \/>Pol. Ind. Adoberies Oest<br \/>08506 CALLDETENES<br \/>T. 93 886 88 10<br \/><a href=\"mailto:comercial@contenidorsbou.com\">comercial@contenidorsbou.com<\/a><\/p>\n<p><a href=\"https:\/\/contenidorsbou.com\/avis-legal\/\" target=\"_blank\" rel=\"noopener\">Aviso legal<\/a> y <a href=\"https:\/\/contenidorsbou.com\/politica-de-privacidad\/\" target=\"_blank\" rel=\"noopener\">pol\u00edtica de privacidad<\/a><\/p>\n<p>[\/et_pb_text][\/et_pb_column][et_pb_column type=\u00bb1_4&#8243; _builder_version=\u00bb4.7.4&#8243; _module_preset=\u00bbdefault\u00bb][et_pb_text _builder_version=\u00bb4.7.7&#8243; _module_preset=\u00bbdefault\u00bb text_text_color=\u00bb#98252d\u00bb text_font_size=\u00bb20px\u00bb text_orientation=\u00bbcenter\u00bb]<\/p>\n<p>S\u00edganos en:<\/p>\n<p>[\/et_pb_text][et_pb_social_media_follow icon_color=\u00bb#ffffff\u00bb _builder_version=\u00bb4.7.4&#8243; _module_preset=\u00bbdefault\u00bb custom_button=\u00bbon\u00bb button_text_color=\u00bb#ffffff\u00bb text_orientation=\u00bbcenter\u00bb border_radii=\u00bbon|7px|7px|7px|7px\u00bb][et_pb_social_media_follow_network social_network=\u00bblinkedin\u00bb url=\u00bbhttps:\/\/www.linkedin.com\/company\/contenidors-bou\u00bb icon_color=\u00bb#ffffff\u00bb _builder_version=\u00bb4.7.4&#8243; _module_preset=\u00bbdefault\u00bb background_color=\u00bbrgba(0,0,0,0.5)\u00bb background_enable_color=\u00bbon\u00bb border_radii=\u00bbon|7px|7px|7px|7px\u00bb background__hover_enabled=\u00bbon|desktop\u00bb background_color__hover=\u00bb#ea8c08&#8243; background_enable_color__hover=\u00bbon\u00bb follow_button=\u00bboff\u00bb url_new_window=\u00bbon\u00bb]linkedin[\/et_pb_social_media_follow_network][et_pb_social_media_follow_network social_network=\u00bbinstagram\u00bb url=\u00bbhttps:\/\/www.instagram.com\/contenidors_bou\/\u00bb _builder_version=\u00bb4.7.4&#8243; _module_preset=\u00bbdefault\u00bb background_color=\u00bbrgba(0,0,0,0.5)\u00bb background_enable_color=\u00bbon\u00bb background__hover_enabled=\u00bbon|hover\u00bb background_color__hover=\u00bb#ea8c08&#8243; background_enable_color__hover=\u00bbon\u00bb follow_button=\u00bboff\u00bb url_new_window=\u00bbon\u00bb]instagram[\/et_pb_social_media_follow_network][et_pb_social_media_follow_network social_network=\u00bbfacebook\u00bb url=\u00bbhttps:\/\/www.facebook.com\/ContenidorsBou\/\u00bb _builder_version=\u00bb4.7.4&#8243; _module_preset=\u00bbdefault\u00bb background_color=\u00bbrgba(0,0,0,0.5)\u00bb background_enable_color=\u00bbon\u00bb background__hover_enabled=\u00bbon|desktop\u00bb background_color__hover=\u00bb#ea8c08&#8243; background_enable_color__hover=\u00bbon\u00bb follow_button=\u00bboff\u00bb url_new_window=\u00bbon\u00bb]facebook[\/et_pb_social_media_follow_network][\/et_pb_social_media_follow][\/et_pb_column][\/et_pb_row][\/et_pb_section]<\/p>\n","protected":false},"excerpt":{"rendered":"<p>Vis\u00edtenos, contacte con nosostrosy s\u00edganos: Carrer Pirineu, 6Pol. Ind. Adoberies Oest08506 CALLDETENES T. 93 886 88 10 comercial@contenidorsbou.comVis\u00edtenos, contacte con nosotrosy s\u00edganos: Carrer Pirineu, 6Pol. Ind. Adoberies Oest08506 CALLDETENES T. 93 886 88 10 comercial@contenidorsbou.comCERTIFICADOS Y AUTORIZACIONES &nbsp; &#8211; Transportista de RCD autorizado por la Agencia de Residuos de Catalu\u00f1a (c\u00f3digo TRC-00183) &#8211; Transportista de [&hellip;]<\/p>\n","protected":false},"author":2,"featured_media":0,"parent":0,"menu_order":0,"comment_status":"closed","ping_status":"closed","template":"","meta":{"_et_pb_use_builder":"on","_et_pb_old_content":"","_et_gb_content_width":"","footnotes":""},"class_list":["post-914","page","type-page","status-publish","hentry"],"yoast_head":"<!-- This site is optimized with the Yoast SEO plugin v27.2 - https:\/\/yoast.com\/product\/yoast-seo-wordpress\/ -->\n<title>CONTACTO - Contenidors Bou<\/title>\n<meta name=\"robots\" content=\"index, follow, max-snippet:-1, max-image-preview:large, max-video-preview:-1\" \/>\n<link rel=\"canonical\" href=\"https:\/\/contenidorsbou.com\/es\/contacto\/\" \/>\n<meta property=\"og:locale\" content=\"es_ES\" \/>\n<meta property=\"og:type\" content=\"article\" \/>\n<meta property=\"og:title\" content=\"CONTACTO - Contenidors Bou\" \/>\n<meta property=\"og:description\" content=\"Vis\u00edtenos, contacte con nosostrosy s\u00edganos: Carrer Pirineu, 6Pol. Ind. Adoberies Oest08506 CALLDETENES T. 93 886 88 10 comercial@contenidorsbou.comVis\u00edtenos, contacte con nosotrosy s\u00edganos: Carrer Pirineu, 6Pol. Ind. Adoberies Oest08506 CALLDETENES T. 93 886 88 10 comercial@contenidorsbou.comCERTIFICADOS Y AUTORIZACIONES &nbsp; - Transportista de RCD autorizado por la Agencia de Residuos de Catalu\u00f1a (c\u00f3digo TRC-00183) - Transportista de [&hellip;]\" \/>\n<meta property=\"og:url\" content=\"https:\/\/contenidorsbou.com\/es\/contacto\/\" \/>\n<meta property=\"og:site_name\" content=\"Contenidors Bou\" \/>\n<meta property=\"article:modified_time\" content=\"2021-01-04T09:59:28+00:00\" \/>\n<meta name=\"twitter:card\" content=\"summary_large_image\" \/>\n<meta name=\"twitter:label1\" content=\"Tiempo de lectura\" \/>\n\t<meta name=\"twitter:data1\" content=\"9 minutos\" \/>\n<script type=\"application\/ld+json\" class=\"yoast-schema-graph\">{\"@context\":\"https:\/\/schema.org\",\"@graph\":[{\"@type\":\"WebPage\",\"@id\":\"https:\/\/contenidorsbou.com\/es\/contacto\/\",\"url\":\"https:\/\/contenidorsbou.com\/es\/contacto\/\",\"name\":\"CONTACTO - Contenidors Bou\",\"isPartOf\":{\"@id\":\"https:\/\/contenidorsbou.com\/#website\"},\"datePublished\":\"2020-12-02T15:58:17+00:00\",\"dateModified\":\"2021-01-04T09:59:28+00:00\",\"breadcrumb\":{\"@id\":\"https:\/\/contenidorsbou.com\/es\/contacto\/#breadcrumb\"},\"inLanguage\":\"es\",\"potentialAction\":[{\"@type\":\"ReadAction\",\"target\":[\"https:\/\/contenidorsbou.com\/es\/contacto\/\"]}]},{\"@type\":\"BreadcrumbList\",\"@id\":\"https:\/\/contenidorsbou.com\/es\/contacto\/#breadcrumb\",\"itemListElement\":[{\"@type\":\"ListItem\",\"position\":1,\"name\":\"Home\",\"item\":\"https:\/\/contenidorsbou.com\/es\/\"},{\"@type\":\"ListItem\",\"position\":2,\"name\":\"CONTACTO\"}]},{\"@type\":\"WebSite\",\"@id\":\"https:\/\/contenidorsbou.com\/#website\",\"url\":\"https:\/\/contenidorsbou.com\/\",\"name\":\"Contenidors Bou\",\"description\":\"Transporte de residuos, contenedores especiales\",\"potentialAction\":[{\"@type\":\"SearchAction\",\"target\":{\"@type\":\"EntryPoint\",\"urlTemplate\":\"https:\/\/contenidorsbou.com\/?s={search_term_string}\"},\"query-input\":{\"@type\":\"PropertyValueSpecification\",\"valueRequired\":true,\"valueName\":\"search_term_string\"}}],\"inLanguage\":\"es\"}]}<\/script>\n<!-- \/ Yoast SEO plugin. -->","yoast_head_json":{"title":"CONTACTO - Contenidors Bou","robots":{"index":"index","follow":"follow","max-snippet":"max-snippet:-1","max-image-preview":"max-image-preview:large","max-video-preview":"max-video-preview:-1"},"canonical":"https:\/\/contenidorsbou.com\/es\/contacto\/","og_locale":"es_ES","og_type":"article","og_title":"CONTACTO - Contenidors Bou","og_description":"Vis\u00edtenos, contacte con nosostrosy s\u00edganos: Carrer Pirineu, 6Pol. Ind. Adoberies Oest08506 CALLDETENES T. 93 886 88 10 comercial@contenidorsbou.comVis\u00edtenos, contacte con nosotrosy s\u00edganos: Carrer Pirineu, 6Pol. Ind. Adoberies Oest08506 CALLDETENES T. 93 886 88 10 comercial@contenidorsbou.comCERTIFICADOS Y AUTORIZACIONES &nbsp; - Transportista de RCD autorizado por la Agencia de Residuos de Catalu\u00f1a (c\u00f3digo TRC-00183) - Transportista de [&hellip;]","og_url":"https:\/\/contenidorsbou.com\/es\/contacto\/","og_site_name":"Contenidors Bou","article_modified_time":"2021-01-04T09:59:28+00:00","twitter_card":"summary_large_image","twitter_misc":{"Tiempo de lectura":"9 minutos"},"schema":{"@context":"https:\/\/schema.org","@graph":[{"@type":"WebPage","@id":"https:\/\/contenidorsbou.com\/es\/contacto\/","url":"https:\/\/contenidorsbou.com\/es\/contacto\/","name":"CONTACTO - Contenidors Bou","isPartOf":{"@id":"https:\/\/contenidorsbou.com\/#website"},"datePublished":"2020-12-02T15:58:17+00:00","dateModified":"2021-01-04T09:59:28+00:00","breadcrumb":{"@id":"https:\/\/contenidorsbou.com\/es\/contacto\/#breadcrumb"},"inLanguage":"es","potentialAction":[{"@type":"ReadAction","target":["https:\/\/contenidorsbou.com\/es\/contacto\/"]}]},{"@type":"BreadcrumbList","@id":"https:\/\/contenidorsbou.com\/es\/contacto\/#breadcrumb","itemListElement":[{"@type":"ListItem","position":1,"name":"Home","item":"https:\/\/contenidorsbou.com\/es\/"},{"@type":"ListItem","position":2,"name":"CONTACTO"}]},{"@type":"WebSite","@id":"https:\/\/contenidorsbou.com\/#website","url":"https:\/\/contenidorsbou.com\/","name":"Contenidors Bou","description":"Transporte de residuos, contenedores especiales","potentialAction":[{"@type":"SearchAction","target":{"@type":"EntryPoint","urlTemplate":"https:\/\/contenidorsbou.com\/?s={search_term_string}"},"query-input":{"@type":"PropertyValueSpecification","valueRequired":true,"valueName":"search_term_string"}}],"inLanguage":"es"}]}},"_links":{"self":[{"href":"https:\/\/contenidorsbou.com\/es\/wp-json\/wp\/v2\/pages\/914","targetHints":{"allow":["GET"]}}],"collection":[{"href":"https:\/\/contenidorsbou.com\/es\/wp-json\/wp\/v2\/pages"}],"about":[{"href":"https:\/\/contenidorsbou.com\/es\/wp-json\/wp\/v2\/types\/page"}],"author":[{"embeddable":true,"href":"https:\/\/contenidorsbou.com\/es\/wp-json\/wp\/v2\/users\/2"}],"replies":[{"embeddable":true,"href":"https:\/\/contenidorsbou.com\/es\/wp-json\/wp\/v2\/comments?post=914"}],"version-history":[{"count":4,"href":"https:\/\/contenidorsbou.com\/es\/wp-json\/wp\/v2\/pages\/914\/revisions"}],"predecessor-version":[{"id":944,"href":"https:\/\/contenidorsbou.com\/es\/wp-json\/wp\/v2\/pages\/914\/revisions\/944"}],"wp:attachment":[{"href":"https:\/\/contenidorsbou.com\/es\/wp-json\/wp\/v2\/media?parent=914"}],"curies":[{"name":"wp","href":"https:\/\/api.w.org\/{rel}","templated":true}]}}